{"id":2575,"date":"2025-03-20T20:46:22","date_gmt":"2025-03-20T20:46:22","guid":{"rendered":"https:\/\/ckvladadivljan.rs\/wp\/?page_id=2575"},"modified":"2025-09-12T20:01:38","modified_gmt":"2025-09-12T20:01:38","slug":"ucionica-48","status":"publish","type":"page","link":"https:\/\/ckvladadivljan.rs\/wp\/ucionica-48\/","title":{"rendered":"U\u010dionica 48"},"content":{"rendered":"<div class=\"wpb-content-wrapper\"><p>[vc_row][vc_column icons_position=&#8220;left&#8220;][vc_column_text css=&#8220;&#8220;]<\/p>\n<h2>U\u010dionica 48<\/h2>\n<p>U\u010dionica broj 48 je savremeno opremljen prostor u okviru Centra za kulturu \u201eVlada Divljan\u201c, namenjen za nastavu, radionice, prezentacije i razli\u010dite oblike edukativnih programa. Sa kapacitetom od 28 mesta, ova u\u010dionica pru\u017ea idealne uslove za rad u manjim i interaktivnim grupama, omogu\u0107avaju\u0107i aktivnu razmenu ideja i aktivno u\u010de\u0161\u0107e svih prisutnih.<\/p>\n<h4>Karakteristike prostora<\/h4>\n<p>U\u010dionica je opremljena projektorom, koji omogu\u0107ava jasan prikaz multimedijalnih sadr\u017eaja, kao i belom tablom pogodnom za pisanje markerima. Ova kombinacija omogu\u0107ava dinami\u010dnu nastavu, lak\u0161e preno\u0161enje znanja i kvalitetne prezentacije.<br \/>Prostor je dizajniran tako da bude u skladu sa savremenim obrazovnim standardima \u2013 od rasporeda stolova i stolica, preko osvetljenja, do akustike prostora. Sve je prilago\u0111eno funkcionalnosti i udobnosti, kako bi u\u010desnici imali optimalne uslove za u\u010denje i rad.<\/p>\n<h4>Namena i upotreba<\/h4>\n<p>U\u010dionica 48 koristi se za:<br \/>&#8211; nastavu i predavanja,<br \/>&#8211; edukativne radionice i kurseve,<br \/>&#8211; prezentacije i treninge,<br \/>&#8211; manje seminare i obuke.<br \/>Zahvaljuju\u0107i svojoj opremljenosti i prijatnom ambijentu, ova u\u010dionica obezbe\u0111uje podsticajno okru\u017eenje za u\u010denje i usavr\u0161avanje, \u010dine\u0107i je jednim od klju\u010dnih edukativnih prostora Centra.<\/p>\n<!-- \/wp:post-content -->\n<!-- wp:gallery {\"linkTo\":\"none\"} -->\n<figure class=\"wp-block-gallery has-nested-images columns-default is-cropped\"><!-- wp:image {\"id\":2576,\"sizeSlug\":\"large\",\"linkDestination\":\"none\"} --><\/p>\n<figure class=\"wp-block-image size-large\"><img loading=\"lazy\" decoding=\"async\" width=\"1024\" height=\"683\" class=\"wp-image-2576\" src=\"https:\/\/ckvladadivljan.rs\/wp\/wp-content\/uploads\/2025\/03\/ucionica3-1024x683.jpg\" alt=\"\" srcset=\"https:\/\/ckvladadivljan.rs\/wp\/wp-content\/uploads\/2025\/03\/ucionica3-1024x683.jpg 1024w, https:\/\/ckvladadivljan.rs\/wp\/wp-content\/uploads\/2025\/03\/ucionica3-300x200.jpg 300w, https:\/\/ckvladadivljan.rs\/wp\/wp-content\/uploads\/2025\/03\/ucionica3-768x512.jpg 768w, https:\/\/ckvladadivljan.rs\/wp\/wp-content\/uploads\/2025\/03\/ucionica3-370x247.jpg 370w, https:\/\/ckvladadivljan.rs\/wp\/wp-content\/uploads\/2025\/03\/ucionica3-760x507.jpg 760w, https:\/\/ckvladadivljan.rs\/wp\/wp-content\/uploads\/2025\/03\/ucionica3.jpg 1200w\" sizes=\"auto, (max-width: 1024px) 100vw, 1024px\" \/><\/figure>\n<!-- \/wp:image -->\n<!-- wp:image {\"id\":2578,\"sizeSlug\":\"large\",\"linkDestination\":\"none\"} -->\n<figure class=\"wp-block-image size-large\"><img loading=\"lazy\" decoding=\"async\" width=\"1024\" height=\"683\" class=\"wp-image-2578\" src=\"https:\/\/ckvladadivljan.rs\/wp\/wp-content\/uploads\/2025\/03\/ucionica2-1024x683.jpg\" alt=\"\" srcset=\"https:\/\/ckvladadivljan.rs\/wp\/wp-content\/uploads\/2025\/03\/ucionica2-1024x683.jpg 1024w, https:\/\/ckvladadivljan.rs\/wp\/wp-content\/uploads\/2025\/03\/ucionica2-300x200.jpg 300w, https:\/\/ckvladadivljan.rs\/wp\/wp-content\/uploads\/2025\/03\/ucionica2-768x512.jpg 768w, https:\/\/ckvladadivljan.rs\/wp\/wp-content\/uploads\/2025\/03\/ucionica2-370x247.jpg 370w, https:\/\/ckvladadivljan.rs\/wp\/wp-content\/uploads\/2025\/03\/ucionica2-760x507.jpg 760w, https:\/\/ckvladadivljan.rs\/wp\/wp-content\/uploads\/2025\/03\/ucionica2.jpg 1200w\" sizes=\"auto, (max-width: 1024px) 100vw, 1024px\" \/><\/figure>\n<!-- \/wp:image -->\n<!-- wp:image {\"id\":2577,\"sizeSlug\":\"large\",\"linkDestination\":\"none\"} -->\n<figure class=\"wp-block-image size-large\"><img loading=\"lazy\" decoding=\"async\" width=\"1024\" height=\"683\" class=\"wp-image-2577\" src=\"https:\/\/ckvladadivljan.rs\/wp\/wp-content\/uploads\/2025\/03\/ucionica1-1024x683.jpg\" alt=\"\" srcset=\"https:\/\/ckvladadivljan.rs\/wp\/wp-content\/uploads\/2025\/03\/ucionica1-1024x683.jpg 1024w, https:\/\/ckvladadivljan.rs\/wp\/wp-content\/uploads\/2025\/03\/ucionica1-300x200.jpg 300w, https:\/\/ckvladadivljan.rs\/wp\/wp-content\/uploads\/2025\/03\/ucionica1-768x512.jpg 768w, https:\/\/ckvladadivljan.rs\/wp\/wp-content\/uploads\/2025\/03\/ucionica1-370x247.jpg 370w, https:\/\/ckvladadivljan.rs\/wp\/wp-content\/uploads\/2025\/03\/ucionica1-760x507.jpg 760w, https:\/\/ckvladadivljan.rs\/wp\/wp-content\/uploads\/2025\/03\/ucionica1.jpg 1200w\" sizes=\"auto, (max-width: 1024px) 100vw, 1024px\" \/><\/figure>\n<!-- \/wp:image -->\n<\/figure>\n<!-- \/wp:gallery -->\n<p>&nbsp;<\/p>\n<p>[\/vc_column_text][\/vc_column][\/vc_row]<\/p>\n<\/div>","protected":false},"excerpt":{"rendered":"<p>[vc_row][vc_column icons_position=&#8220;left&#8220;][vc_column_text css=&#8220;&#8220;] U\u010dionica 48 U\u010dionica broj 48 je savremeno opremljen prostor&hellip;<\/p>\n","protected":false},"author":1,"featured_media":0,"parent":0,"menu_order":0,"comment_status":"closed","ping_status":"closed","template":"","meta":{"give_campaign_id":0,"footnotes":""},"class_list":["post-2575","page","type-page","status-publish","hentry"],"campaignId":"","_links":{"self":[{"href":"https:\/\/ckvladadivljan.rs\/wp\/wp-json\/wp\/v2\/pages\/2575","targetHints":{"allow":["GET"]}}],"collection":[{"href":"https:\/\/ckvladadivljan.rs\/wp\/wp-json\/wp\/v2\/pages"}],"about":[{"href":"https:\/\/ckvladadivljan.rs\/wp\/wp-json\/wp\/v2\/types\/page"}],"author":[{"embeddable":true,"href":"https:\/\/ckvladadivljan.rs\/wp\/wp-json\/wp\/v2\/users\/1"}],"replies":[{"embeddable":true,"href":"https:\/\/ckvladadivljan.rs\/wp\/wp-json\/wp\/v2\/comments?post=2575"}],"version-history":[{"count":3,"href":"https:\/\/ckvladadivljan.rs\/wp\/wp-json\/wp\/v2\/pages\/2575\/revisions"}],"predecessor-version":[{"id":2842,"href":"https:\/\/ckvladadivljan.rs\/wp\/wp-json\/wp\/v2\/pages\/2575\/revisions\/2842"}],"wp:attachment":[{"href":"https:\/\/ckvladadivljan.rs\/wp\/wp-json\/wp\/v2\/media?parent=2575"}],"curies":[{"name":"wp","href":"https:\/\/api.w.org\/{rel}","templated":true}]}}